{"id":1371,"date":"2024-01-23T20:11:56","date_gmt":"2024-01-23T20:11:56","guid":{"rendered":"https:\/\/heartofpolen.com\/?page_id=1371"},"modified":"2025-06-10T20:31:06","modified_gmt":"2025-06-10T20:31:06","slug":"1371-2","status":"publish","type":"page","link":"https:\/\/heartofpolen.com\/index.php\/pl\/1371-2\/","title":{"rendered":"Polityka prywatno\u015bci"},"content":{"rendered":"<p>[et_pb_section fb_built=&#8221;1&#8243; admin_label=&#8221;Header&#8221; _builder_version=&#8221;4.23&#8243; _module_preset=&#8221;default&#8221; use_background_color_gradient=&#8221;on&#8221; background_color_gradient_stops=&#8221;rgba(0,0,0,0.4) 0%|rgba(0,0,0,0.4) 100%&#8221; background_color_gradient_overlays_image=&#8221;on&#8221; background_image=&#8221;https:\/\/heartofpolen.com\/wp-content\/uploads\/2023\/11\/20200913_132638-scaled.jpg&#8221; parallax=&#8221;on&#8221; custom_padding=&#8221;8vw||8vw||true|false&#8221; locked=&#8221;off&#8221; collapsed=&#8221;on&#8221; global_colors_info=&#8221;{}&#8221;][et_pb_row _builder_version=&#8221;4.21.0&#8243; _module_preset=&#8221;default&#8221; max_width=&#8221;600px&#8221; global_colors_info=&#8221;{}&#8221;][et_pb_column type=&#8221;4_4&#8243; _builder_version=&#8221;4.21.0&#8243; _module_preset=&#8221;default&#8221; global_colors_info=&#8221;{}&#8221;][et_pb_text _builder_version=&#8221;4.21.0&#8243; _module_preset=&#8221;54871084-f9ea-462f-aa6f-08d939b82bb6&#8243; header_text_color=&#8221;#FFFFFF&#8221; text_orientation=&#8221;center&#8221; custom_margin=&#8221;||10px||false|false&#8221; global_colors_info=&#8221;{}&#8221;]<\/p>\n<h1><strong>Polityka prywatno\u015bci<\/strong><\/h1>\n<p>[\/et_pb_text][et_pb_text _builder_version=&#8221;4.23&#8243; _module_preset=&#8221;cfc21bd0-08bd-4de2-afca-d305521cb0fe&#8221; text_text_color=&#8221;#FFFFFF&#8221; text_orientation=&#8221;center&#8221; global_colors_info=&#8221;{}&#8221;][\/et_pb_text][\/et_pb_column][\/et_pb_row][\/et_pb_section][et_pb_section fb_built=&#8221;1&#8243; admin_label=&#8221;Blog&#8221; _builder_version=&#8221;4.23&#8243; _module_preset=&#8221;default&#8221; background_color=&#8221;gcid-937824ca-e831-46c6-b7e2-284fc452a523&#8243; custom_padding=&#8221;||0px|||&#8221; locked=&#8221;off&#8221; collapsed=&#8221;on&#8221; global_colors_info=&#8221;{%22gcid-937824ca-e831-46c6-b7e2-284fc452a523%22:%91%22background_color%22%93}&#8221;][et_pb_row admin_label=&#8221;CTA Button&#8221; _builder_version=&#8221;4.21.0&#8243; _module_preset=&#8221;default&#8221; custom_padding=&#8221;|||&#8221; global_colors_info=&#8221;{}&#8221;][et_pb_column type=&#8221;4_4&#8243; _builder_version=&#8221;4.16&#8243; _module_preset=&#8221;default&#8221; custom_padding=&#8221;|||&#8221; global_colors_info=&#8221;{}&#8221; custom_padding__hover=&#8221;|||&#8221;][et_pb_text _builder_version=&#8221;4.23&#8243; _module_preset=&#8221;default&#8221; global_colors_info=&#8221;{}&#8221;]<\/p>\n<p><strong>Polityka prywatno\u015bci<\/strong><\/p>\n<p>Ostatnia aktualizacja: <em>01-01-2024<\/em><\/p>\n<p><strong>Wprowadzenie<\/strong><\/p>\n<p>Heart of Polen szanuje prywatno\u015b\u0107 u\u017cytkownik\u00f3w i zobowi\u0105zuje si\u0119 do ochrony ich danych osobowych. Niniejsza Polityka prywatno\u015bci wyja\u015bnia, w jaki spos\u00f3b<br \/>gromadzimy, wykorzystujemy, ujawniamy i chronimy dane osobowe u\u017cytkownik\u00f3w odwiedzaj\u0105cych nasz\u0105 stron\u0119 internetow\u0105 lub korzystaj\u0105cych z naszych us\u0142ug.<\/p>\n<p><strong>Gromadzone przez nas informacje<\/strong><\/p>\n<p>Mo\u017cemy gromadzi\u0107 r\u00f3\u017cne rodzaje informacji, w tym:<\/p>\n<ul>\n<li>\n<p>Dane osobowe: Mo\u017cemy gromadzi\u0107 dane osobowe, takie jak imi\u0119 i nazwisko, adres e-mail, numer telefonu i inne informacje, kt\u00f3re u\u017cytkownik podaje, kontaktuj\u0105c si\u0119 z nami lub dokonuj\u0105c rezerwacji.<\/p>\n<\/li>\n<li>\n<p>Dane dziennika: Gdy u\u017cytkownik korzysta z naszej strony internetowej, automatycznie gromadzimy pewne informacje, w tym adres IP, typ przegl\u0105darki,<br \/>system operacyjny, przegl\u0105dane strony oraz daty i godziny odwiedzin.<\/p>\n<\/li>\n<li>\n<p>Pliki cookie i technologie \u015bledzenia: U\u017cywamy plik\u00f3w cookie i podobnych technologii \u015bledzenia, aby poprawi\u0107 komfort korzystania z naszej witryny. Preferencjami<br \/>dotycz\u0105cymi plik\u00f3w cookie mo\u017cna zarz\u0105dza\u0107 w ustawieniach przegl\u0105darki.<\/p>\n<\/li>\n<\/ul>\n<p><strong>Jak wykorzystujemy dane u\u017cytkownika<\/strong><\/p>\n<p>Mo\u017cemy wykorzystywa\u0107 dane osobowe u\u017cytkownika do r\u00f3\u017cnych cel\u00f3w, w tym do:<\/p>\n<ul>\n<li>\u015awiadczenia naszych us\u0142ug i zarz\u0105dzania nimi.<\/li>\n<li>Odpowiadanie na zapytania i pro\u015bby u\u017cytkownik\u00f3w.<\/li>\n<li>Komunikacja z u\u017cytkownikiem, w tym wysy\u0142anie aktualizacji, promocji i biuletyn\u00f3w.<\/li>\n<li>Ulepszanie naszej witryny internetowej, us\u0142ug i obs\u0142ugi klienta.<\/li>\n<li>Przestrzeganie zobowi\u0105za\u0144 prawnych.<\/li>\n<\/ul>\n<p><strong>Udost\u0119pnianie informacji<\/strong><\/p>\n<p>Nie sprzedajemy, nie wymieniamy ani w \u017caden inny spos\u00f3b nie przekazujemy danych osobowych u\u017cytkownika stronom trzecim bez jego zgody, z wyj\u0105tkiem cel\u00f3w<br \/>zwi\u0105zanych ze \u015bwiadczeniem naszych us\u0142ug lub wymaganych przez prawo.<\/p>\n<p><strong>Wyb\u00f3r u\u017cytkownika<\/strong><\/p>\n<p>U\u017cytkownik ma prawo uzyska\u0107 dost\u0119p do swoich danych osobowych, poprawi\u0107 je lub usun\u0105\u0107. Je\u015bli chcesz to zrobi\u0107 lub masz jakiekolwiek w\u0105tpliwo\u015bci dotycz\u0105ce swoich danych, skontaktuj si\u0119 z nami pod adresem <em>heartofpolen@gmail.com<\/em>.<\/p>\n<p><strong>Bezpiecze\u0144stwo<\/strong><\/p>\n<p>Podejmujemy uzasadnione kroki w celu ochrony danych osobowych u\u017cytkownika przed nieuprawnionym dost\u0119pem, ujawnieniem, zmian\u0105 lub zniszczeniem.<\/p>\n<p><strong>Zmiany w niniejszej Polityce prywatno\u015bci<\/strong><\/p>\n<p>Od czasu do czasu mo\u017cemy aktualizowa\u0107 niniejsz\u0105 Polityk\u0119 prywatno\u015bci, aby odzwierciedli\u0107 zmiany w naszych praktykach i us\u0142ugach. Zaktualizowane zasady<br \/>opublikujemy na naszej stronie internetowej z dat\u0105 \u201cOstatnia aktualizacja\u201d.<\/p>\n<p><strong>Kontakt<\/strong><\/p>\n<p>W przypadku jakichkolwiek pyta\u0144 lub w\u0105tpliwo\u015bci dotycz\u0105cych niniejszej Polityki prywatno\u015bci prosimy o kontakt pod adresem <em>heartofpolen@gmail.com.<\/em><\/p>\n<p>&nbsp;<\/p>\n<hr \/>\n<p>&nbsp;<\/p>\n<p>[\/et_pb_text][\/et_pb_column][\/et_pb_row][\/et_pb_section][et_pb_section fb_built=&#8221;1&#8243; admin_label=&#8221;Footer&#8221; _builder_version=&#8221;4.23&#8243; _module_preset=&#8221;default&#8221; background_color_gradient_direction=&#8221;90deg&#8221; background_image=&#8221;https:\/\/heartofpolen.com\/wp-content\/uploads\/2023\/11\/20210715_114321-scaled.jpg&#8221; parallax=&#8221;on&#8221; custom_margin=&#8221;-23px|||||&#8221; custom_padding=&#8221;0px||0px||true|false&#8221; saved_tabs=&#8221;all&#8221; locked=&#8221;off&#8221; collapsed=&#8221;on&#8221; global_colors_info=&#8221;{}&#8221; theme_builder_area=&#8221;post_content&#8221;][et_pb_row column_structure=&#8221;1_2,1_2&#8243; use_custom_gutter=&#8221;on&#8221; gutter_width=&#8221;1&#8243; make_equal=&#8221;on&#8221; admin_label=&#8221;Footer Row&#8221; module_class=&#8221; et_pb_row_fullwidth&#8221; _builder_version=&#8221;4.23.1&#8243; _module_preset=&#8221;default&#8221; background_image=&#8221;https:\/\/heartofpolen.com\/wp-content\/uploads\/2023\/11\/20200913_132638-scaled.jpg&#8221; parallax=&#8221;on&#8221; width=&#8221;100%&#8221; max_width=&#8221;none&#8221; custom_margin=&#8221;14px|auto||auto||&#8221; custom_padding=&#8221;0px||0px||true|false&#8221; animation_style=&#8221;fade&#8221; make_fullwidth=&#8221;on&#8221; global_colors_info=&#8221;{}&#8221; theme_builder_area=&#8221;post_content&#8221;][et_pb_column type=&#8221;1_2&#8243; _builder_version=&#8221;4.23&#8243; _module_preset=&#8221;default&#8221; background_color=&#8221;#000000&#8243; custom_padding=&#8221;8%|8%|8%|8%|true|true&#8221; global_colors_info=&#8221;{}&#8221; custom_padding__hover=&#8221;|||&#8221; theme_builder_area=&#8221;post_content&#8221;][et_pb_text _builder_version=&#8221;4.21.0&#8243; _module_preset=&#8221;4ed78e3f-a697-409e-b138-ec6080aa9d7f&#8221; header_2_text_color=&#8221;#FFFFFF&#8221; custom_margin=&#8221;||30px||false|false&#8221; locked=&#8221;off&#8221; global_colors_info=&#8221;{}&#8221; theme_builder_area=&#8221;post_content&#8221;]<\/p>\n<h2>Kontakt<\/h2>\n<p>[\/et_pb_text][et_pb_text _builder_version=&#8221;4.23.1&#8243; _module_preset=&#8221;f44e0f32-c7c0-4362-9a88-5f8423ae4c4e&#8221; text_text_color=&#8221;#FFFFFF&#8221; header_4_text_color=&#8221;gcid-b247d7e9-2bbc-48fc-81a8-3cd1da3da572&#8243; locked=&#8221;off&#8221; global_colors_info=&#8221;{%22gcid-b247d7e9-2bbc-48fc-81a8-3cd1da3da572%22:%91%22header_4_text_color%22%93}&#8221; theme_builder_area=&#8221;post_content&#8221;]<\/p>\n<h4>telefon<\/h4>\n<p>[\/et_pb_text][et_pb_text _builder_version=&#8221;4.23.1&#8243; _module_preset=&#8221;137322df-4ae1-42c9-bbc5-2f914806ed67&#8243; text_text_color=&#8221;#FFFFFF&#8221; link_text_color=&#8221;#FFFFFF&#8221; custom_margin=&#8221;||22px||false|false&#8221; locked=&#8221;off&#8221; global_colors_info=&#8221;{}&#8221; theme_builder_area=&#8221;post_content&#8221;]<\/p>\n<p>+48781489348<\/p>\n<p>[\/et_pb_text][et_pb_button button_url=&#8221;https:\/\/wa.me\/48781489348&#8243; button_text=&#8221;Whatsapp&#8221; button_alignment=&#8221;left&#8221; _builder_version=&#8221;4.23.1&#8243; _module_preset=&#8221;eeff808f-f5a1-47fe-9bf1-d16059adbef4&#8243; button_text_size=&#8221;19px&#8221; button_bg_use_color_gradient=&#8221;on&#8221; button_bg_color_gradient_direction=&#8221;207deg&#8221; button_bg_color_gradient_stops=&#8221;#7cda24 0%|#29c4a9 100%&#8221; button_border_width=&#8221;0px&#8221; custom_margin=&#8221;6px|||||&#8221; global_colors_info=&#8221;{%22gcid-b247d7e9-2bbc-48fc-81a8-3cd1da3da572%22:%91%22button_border_color%22%93,%22gcid-cda4471f-892e-4743-849d-2cb3737a1499%22:%91%22button_bg_color__hover%22,%22button_border_color__hover%22%93}&#8221; theme_builder_area=&#8221;post_content&#8221;][\/et_pb_button][et_pb_text _builder_version=&#8221;4.21.0&#8243; _module_preset=&#8221;f44e0f32-c7c0-4362-9a88-5f8423ae4c4e&#8221; header_4_text_color=&#8221;gcid-b247d7e9-2bbc-48fc-81a8-3cd1da3da572&#8243; custom_margin=&#8221;18px||0px||false|false&#8221; locked=&#8221;off&#8221; global_colors_info=&#8221;{%22gcid-b247d7e9-2bbc-48fc-81a8-3cd1da3da572%22:%91%22header_4_text_color%22%93}&#8221; theme_builder_area=&#8221;post_content&#8221;]<\/p>\n<h4>Email<\/h4>\n<p>[\/et_pb_text][et_pb_text _builder_version=&#8221;4.21.0&#8243; _module_preset=&#8221;137322df-4ae1-42c9-bbc5-2f914806ed67&#8243; text_text_color=&#8221;#FFFFFF&#8221; link_text_color=&#8221;#FFFFFF&#8221; custom_margin=&#8221;||20px||false|false&#8221; locked=&#8221;off&#8221; global_colors_info=&#8221;{}&#8221; theme_builder_area=&#8221;post_content&#8221;]<\/p>\n<p>heartofpolen@gmail.com<\/p>\n<p>[\/et_pb_text][et_pb_button button_url=&#8221;mailto:heartofpolen@gmail.com&#8221; button_text=&#8221;Mail&#8221; button_alignment=&#8221;left&#8221; _builder_version=&#8221;4.23.1&#8243; _module_preset=&#8221;eeff808f-f5a1-47fe-9bf1-d16059adbef4&#8243; button_text_size=&#8221;19px&#8221; button_bg_use_color_gradient=&#8221;on&#8221; button_bg_color_gradient_direction=&#8221;207deg&#8221; button_bg_color_gradient_stops=&#8221;#7cda24 0%|#29c4a9 100%&#8221; button_border_width=&#8221;0px&#8221; custom_margin=&#8221;5px|||||&#8221; global_colors_info=&#8221;{%22gcid-b247d7e9-2bbc-48fc-81a8-3cd1da3da572%22:%91%22button_border_color%22%93,%22gcid-cda4471f-892e-4743-849d-2cb3737a1499%22:%91%22button_bg_color__hover%22,%22button_border_color__hover%22%93}&#8221; theme_builder_area=&#8221;post_content&#8221;][\/et_pb_button][et_pb_text _builder_version=&#8221;4.21.0&#8243; _module_preset=&#8221;f44e0f32-c7c0-4362-9a88-5f8423ae4c4e&#8221; header_4_text_color=&#8221;gcid-b247d7e9-2bbc-48fc-81a8-3cd1da3da572&#8243; custom_margin=&#8221;20px||0px||false|false&#8221; locked=&#8221;off&#8221; global_colors_info=&#8221;{%22gcid-b247d7e9-2bbc-48fc-81a8-3cd1da3da572%22:%91%22header_4_text_color%22%93}&#8221; theme_builder_area=&#8221;post_content&#8221;]<\/p>\n<h4>Adres<\/h4>\n<p>[\/et_pb_text][et_pb_text _builder_version=&#8221;4.21.0&#8243; _module_preset=&#8221;137322df-4ae1-42c9-bbc5-2f914806ed67&#8243; text_text_color=&#8221;#FFFFFF&#8221; link_text_color=&#8221;#FFFFFF&#8221; custom_margin=&#8221;||21px||false|false&#8221; locked=&#8221;off&#8221; global_colors_info=&#8221;{}&#8221; theme_builder_area=&#8221;post_content&#8221;]<\/p>\n<p>Sniezna 8a, 58-573. Piechowice<\/p>\n<p>[\/et_pb_text][et_pb_button button_url=&#8221;https:\/\/www.google.com\/maps?q=\u015anie\u017cna+8a,+58-573+Piechowice,+Polen&#8221; button_text=&#8221;Google Maps&#8221; button_alignment=&#8221;left&#8221; _builder_version=&#8221;4.23.1&#8243; _module_preset=&#8221;eeff808f-f5a1-47fe-9bf1-d16059adbef4&#8243; button_text_size=&#8221;19px&#8221; button_bg_use_color_gradient=&#8221;on&#8221; button_bg_color_gradient_direction=&#8221;207deg&#8221; button_bg_color_gradient_stops=&#8221;#7cda24 0%|#29c4a9 100%&#8221; button_border_width=&#8221;0px&#8221; custom_margin=&#8221;5px|||||&#8221; global_colors_info=&#8221;{%22gcid-b247d7e9-2bbc-48fc-81a8-3cd1da3da572%22:%91%22button_border_color%22%93,%22gcid-cda4471f-892e-4743-849d-2cb3737a1499%22:%91%22button_bg_color__hover%22,%22button_border_color__hover%22%93}&#8221; theme_builder_area=&#8221;post_content&#8221;][\/et_pb_button][\/et_pb_column][et_pb_column type=&#8221;1_2&#8243; _builder_version=&#8221;4.23.1&#8243; _module_preset=&#8221;default&#8221; background_color=&#8221;rgba(0,0,0,0.6)&#8221; background_image=&#8221;https:\/\/heartofpolen.com\/wp-content\/uploads\/2024\/01\/IMG_5498.jpg&#8221; background_blend=&#8221;overlay&#8221; custom_padding=&#8221;8%|8%|8%|8%|true|true&#8221; global_colors_info=&#8221;{}&#8221; theme_builder_area=&#8221;post_content&#8221;][et_pb_text _builder_version=&#8221;4.23&#8243; _module_preset=&#8221;4ed78e3f-a697-409e-b138-ec6080aa9d7f&#8221; header_2_text_color=&#8221;#FFFFFF&#8221; custom_margin=&#8221;||30px||false|false&#8221; text_text_shadow_style=&#8221;preset4&#8243; global_colors_info=&#8221;{}&#8221; theme_builder_area=&#8221;post_content&#8221;]<\/p>\n<h2>POCZU\u0106 UCZUCIE WOLNO\u015aCI<\/h2>\n<p>[\/et_pb_text][et_pb_text _builder_version=&#8221;4.23&#8243; _module_preset=&#8221;f44e0f32-c7c0-4362-9a88-5f8423ae4c4e&#8221; header_4_text_color=&#8221;gcid-b247d7e9-2bbc-48fc-81a8-3cd1da3da572&#8243; global_colors_info=&#8221;{%22gcid-b247d7e9-2bbc-48fc-81a8-3cd1da3da572%22:%91%22header_4_text_color%22%93}&#8221; theme_builder_area=&#8221;post_content&#8221;][\/et_pb_text][et_pb_text _builder_version=&#8221;4.23&#8243; _module_preset=&#8221;137322df-4ae1-42c9-bbc5-2f914806ed67&#8243; text_text_color=&#8221;#FFFFFF&#8221; custom_margin=&#8221;||30px||false|false&#8221; global_colors_info=&#8221;{}&#8221; theme_builder_area=&#8221;post_content&#8221;][\/et_pb_text][et_pb_text _builder_version=&#8221;4.21.0&#8243; _module_preset=&#8221;f44e0f32-c7c0-4362-9a88-5f8423ae4c4e&#8221; header_4_text_color=&#8221;gcid-b247d7e9-2bbc-48fc-81a8-3cd1da3da572&#8243; global_colors_info=&#8221;{%22gcid-b247d7e9-2bbc-48fc-81a8-3cd1da3da572%22:%91%22header_4_text_color%22%93}&#8221; theme_builder_area=&#8221;post_content&#8221;]<\/p>\n<h4><\/h4>\n<p>[\/et_pb_text][et_pb_text _builder_version=&#8221;4.23&#8243; _module_preset=&#8221;137322df-4ae1-42c9-bbc5-2f914806ed67&#8243; text_text_color=&#8221;#FFFFFF&#8221; custom_margin=&#8221;||30px||false|false&#8221; global_colors_info=&#8221;{}&#8221; theme_builder_area=&#8221;post_content&#8221;][\/et_pb_text][\/et_pb_column][\/et_pb_row][\/et_pb_section]<\/p>\n","protected":false},"excerpt":{"rendered":"<p>Polityka prywatno\u015bciPolityka prywatno\u015bci Ostatnia aktualizacja: 01-01-2024 Wprowadzenie Heart of Polen szanuje prywatno\u015b\u0107 u\u017cytkownik\u00f3w i zobowi\u0105zuje si\u0119 do ochrony ich danych osobowych. Niniejsza Polityka prywatno\u015bci wyja\u015bnia, w jaki spos\u00f3bgromadzimy, wykorzystujemy, ujawniamy i chronimy dane osobowe u\u017cytkownik\u00f3w odwiedzaj\u0105cych nasz\u0105 stron\u0119 internetow\u0105 lub korzystaj\u0105cych z naszych us\u0142ug. Gromadzone przez nas informacje Mo\u017cemy gromadzi\u0107 r\u00f3\u017cne rodzaje informacji, w tym: [&hellip;]<\/p>\n","protected":false},"author":1,"featured_media":0,"parent":0,"menu_order":0,"comment_status":"closed","ping_status":"closed","template":"","meta":{"_et_pb_use_builder":"on","_et_pb_old_content":"","_et_gb_content_width":"","footnotes":""},"class_list":["post-1371","page","type-page","status-publish","hentry"],"jetpack_sharing_enabled":true,"_links":{"self":[{"href":"https:\/\/heartofpolen.com\/index.php\/wp-json\/wp\/v2\/pages\/1371","targetHints":{"allow":["GET"]}}],"collection":[{"href":"https:\/\/heartofpolen.com\/index.php\/wp-json\/wp\/v2\/pages"}],"about":[{"href":"https:\/\/heartofpolen.com\/index.php\/wp-json\/wp\/v2\/types\/page"}],"author":[{"embeddable":true,"href":"https:\/\/heartofpolen.com\/index.php\/wp-json\/wp\/v2\/users\/1"}],"replies":[{"embeddable":true,"href":"https:\/\/heartofpolen.com\/index.php\/wp-json\/wp\/v2\/comments?post=1371"}],"version-history":[{"count":7,"href":"https:\/\/heartofpolen.com\/index.php\/wp-json\/wp\/v2\/pages\/1371\/revisions"}],"predecessor-version":[{"id":2305,"href":"https:\/\/heartofpolen.com\/index.php\/wp-json\/wp\/v2\/pages\/1371\/revisions\/2305"}],"wp:attachment":[{"href":"https:\/\/heartofpolen.com\/index.php\/wp-json\/wp\/v2\/media?parent=1371"}],"curies":[{"name":"wp","href":"https:\/\/api.w.org\/{rel}","templated":true}]}}