{"id":1568,"date":"2024-02-07T12:47:42","date_gmt":"2024-02-07T12:47:42","guid":{"rendered":"https:\/\/heartofpolen.com\/?page_id=1568"},"modified":"2025-06-10T20:35:07","modified_gmt":"2025-06-10T20:35:07","slug":"1568-2","status":"publish","type":"page","link":"https:\/\/heartofpolen.com\/index.php\/de\/1568-2\/","title":{"rendered":"Datenschutz Bestimmungen"},"content":{"rendered":"<p>[et_pb_section fb_built=&#8221;1&#8243; admin_label=&#8221;Header&#8221; _builder_version=&#8221;4.23&#8243; _module_preset=&#8221;default&#8221; use_background_color_gradient=&#8221;on&#8221; background_color_gradient_stops=&#8221;rgba(0,0,0,0.4) 0%|rgba(0,0,0,0.4) 100%&#8221; background_color_gradient_overlays_image=&#8221;on&#8221; background_image=&#8221;https:\/\/heartofpolen.com\/wp-content\/uploads\/2023\/11\/20200913_132638-scaled.jpg&#8221; parallax=&#8221;on&#8221; custom_padding=&#8221;8vw||8vw||true|false&#8221; locked=&#8221;off&#8221; collapsed=&#8221;on&#8221; global_colors_info=&#8221;{}&#8221;][et_pb_row _builder_version=&#8221;4.21.0&#8243; _module_preset=&#8221;default&#8221; max_width=&#8221;600px&#8221; global_colors_info=&#8221;{}&#8221;][et_pb_column type=&#8221;4_4&#8243; _builder_version=&#8221;4.21.0&#8243; _module_preset=&#8221;default&#8221; global_colors_info=&#8221;{}&#8221;][et_pb_text _builder_version=&#8221;4.21.0&#8243; _module_preset=&#8221;54871084-f9ea-462f-aa6f-08d939b82bb6&#8243; header_text_color=&#8221;#FFFFFF&#8221; text_orientation=&#8221;center&#8221; custom_margin=&#8221;||10px||false|false&#8221; global_colors_info=&#8221;{}&#8221;]<\/p>\n<h1>Datenschutzbestimmungen<\/h1>\n<p>[\/et_pb_text][et_pb_text _builder_version=&#8221;4.23&#8243; _module_preset=&#8221;cfc21bd0-08bd-4de2-afca-d305521cb0fe&#8221; text_text_color=&#8221;#FFFFFF&#8221; text_orientation=&#8221;center&#8221; global_colors_info=&#8221;{}&#8221;][\/et_pb_text][\/et_pb_column][\/et_pb_row][\/et_pb_section][et_pb_section fb_built=&#8221;1&#8243; admin_label=&#8221;Blog&#8221; _builder_version=&#8221;4.23&#8243; _module_preset=&#8221;default&#8221; background_color=&#8221;gcid-937824ca-e831-46c6-b7e2-284fc452a523&#8243; custom_padding=&#8221;||0px|||&#8221; locked=&#8221;off&#8221; collapsed=&#8221;on&#8221; global_colors_info=&#8221;{%22gcid-937824ca-e831-46c6-b7e2-284fc452a523%22:%91%22background_color%22%93}&#8221;][et_pb_row admin_label=&#8221;CTA Button&#8221; _builder_version=&#8221;4.21.0&#8243; _module_preset=&#8221;default&#8221; custom_padding=&#8221;|||&#8221; global_colors_info=&#8221;{}&#8221;][et_pb_column type=&#8221;4_4&#8243; _builder_version=&#8221;4.16&#8243; _module_preset=&#8221;default&#8221; custom_padding=&#8221;|||&#8221; global_colors_info=&#8221;{}&#8221; custom_padding__hover=&#8221;|||&#8221;][et_pb_text _builder_version=&#8221;4.23&#8243; _module_preset=&#8221;default&#8221; global_colors_info=&#8221;{}&#8221;]<\/p>\n<p><strong>Privacy Policy<\/strong><\/p>\n<p>Last updated: <em>7-11-22<\/em><\/p>\n<p><strong>Introduction<\/strong><\/p>\n<p>Heart of Polen respects your privacy and is committed to protecting your personal information. This Privacy Policy explains how we collect, use, disclose, and safeguard your personal data when you visit our website or use our services.<\/p>\n<p><strong>Information We Collect<\/strong><\/p>\n<p>We may collect various types of information, including:<\/p>\n<ul>\n<li>\n<p>Personal Information: We may collect personal data, such as your name, email address, phone number, and other information you provide when you contact us or make a reservation.<\/p>\n<\/li>\n<li>\n<p>Log Data: When you use our website, we automatically collect certain information, including your IP address, browser type, operating system, the pages you view, and the dates and times of your visits.<\/p>\n<\/li>\n<li>\n<p>Cookies and Tracking Technologies: We use cookies and similar tracking technologies to enhance your experience on our website. You can manage your cookie preferences through your browser settings.<\/p>\n<\/li>\n<\/ul>\n<p><strong>Wie wir Ihre Informationen verwenden<\/strong><\/p>\n<p><span style=\"font-size: 14px;\">Wir k\u00f6nnen Ihre pers\u00f6nlichen Daten f\u00fcr verschiedene Zwecke verwenden, unter anderem:<\/span><\/p>\n<p>&nbsp;<\/p>\n<ul>\n<li><span style=\"font-size: 14px;\">Erbringung und Verwaltung unserer Dienstleistungen.<\/span><\/li>\n<li>Beantwortung Ihrer Anfragen und W\u00fcnsche.<\/li>\n<li>Kommunikation mit Ihnen, einschlie\u00dflich der Zusendung von Updates, Werbeaktionen und Newslettern.<\/li>\n<li>Verbesserung unserer Website, Dienstleistungen und Kundenerfahrung.<\/li>\n<li>Erf\u00fcllung rechtlicher Verpflichtungen.<\/li>\n<\/ul>\n<p><strong>Weitergabe Ihrer Informationen<\/strong><\/p>\n<p>Wir werden Ihre pers\u00f6nlichen Daten nicht verkaufen, tauschen oder anderweitig ohne Ihre Zustimmung an Dritte weitergeben, es sei denn, dies geschieht zum Zweck der Bereitstellung unserer Dienstleistungen oder ist gesetzlich vorgeschrieben.<\/p>\n<p><strong><span style=\"color: #232323;\">Ihre Wahlm\u00f6glichkeiten<\/span><\/strong><\/p>\n<p>Sie haben das Recht, Ihre pers\u00f6nlichen Daten einzusehen, zu korrigieren oder zu l\u00f6schen. Wenn Sie dies w\u00fcnschen oder Bedenken bez\u00fcglich Ihrer Daten haben, wenden Sie sich bitte an<em> heartofpolen@gmail.com.<\/em><\/p>\n<p><strong>Sicherheit<\/strong><\/p>\n<p>Wir ergreifen angemessene Ma\u00dfnahmen, um Ihre pers\u00f6nlichen Daten vor unbefugtem Zugriff, Offenlegung, \u00c4nderung oder Zerst\u00f6rung zu sch\u00fctzen.<\/p>\n<p><strong>\u00c4nderungen an dieser Datenschutzrichtlinie<\/strong><\/p>\n<p>Wir k\u00f6nnen diese Datenschutzrichtlinie von Zeit zu Zeit aktualisieren, um \u00c4nderungen an unseren Praktiken und Dienstleistungen zu ber\u00fccksichtigen. Wir werden die aktualisierte Richtlinie auf unserer Website mit dem Datum &#8220;Letzte Aktualisierung&#8221; ver\u00f6ffentlichen.<\/p>\n<p><strong>Kontakt<\/strong><\/p>\n<p>Wenn Sie Fragen oder Bedenken bez\u00fcglich dieser Datenschutzrichtlinie haben, kontaktieren Sie uns bitte unter <em>heartofpolen@gmail.com.<\/em><\/p>\n<hr \/>\n<p>&nbsp;<\/p>\n<p>[\/et_pb_text][\/et_pb_column][\/et_pb_row][et_pb_row column_structure=&#8221;1_2,1_2&#8243; use_custom_gutter=&#8221;on&#8221; gutter_width=&#8221;1&#8243; make_equal=&#8221;on&#8221; admin_label=&#8221;Footer Row&#8221; module_class=&#8221; et_pb_row_fullwidth&#8221; _builder_version=&#8221;4.23.1&#8243; _module_preset=&#8221;default&#8221; background_image=&#8221;https:\/\/heartofpolen.com\/wp-content\/uploads\/2023\/11\/20200913_132638-scaled.jpg&#8221; parallax=&#8221;on&#8221; width=&#8221;100%&#8221; max_width=&#8221;none&#8221; custom_margin=&#8221;-9px|auto||auto||&#8221; custom_padding=&#8221;0px||0px||true|false&#8221; animation_style=&#8221;fade&#8221; make_fullwidth=&#8221;on&#8221; global_colors_info=&#8221;{}&#8221;][et_pb_column type=&#8221;1_2&#8243; _builder_version=&#8221;4.23&#8243; _module_preset=&#8221;default&#8221; background_color=&#8221;#000000&#8243; custom_padding=&#8221;8%|8%|8%|8%|true|true&#8221; global_colors_info=&#8221;{}&#8221; custom_padding__hover=&#8221;|||&#8221;][et_pb_text _builder_version=&#8221;4.21.0&#8243; _module_preset=&#8221;4ed78e3f-a697-409e-b138-ec6080aa9d7f&#8221; header_2_text_color=&#8221;#FFFFFF&#8221; custom_margin=&#8221;||30px||false|false&#8221; locked=&#8221;off&#8221; global_colors_info=&#8221;{}&#8221;]<\/p>\n<h2>kontakt<\/h2>\n<p>[\/et_pb_text][et_pb_text _builder_version=&#8221;4.23.1&#8243; _module_preset=&#8221;f44e0f32-c7c0-4362-9a88-5f8423ae4c4e&#8221; text_text_color=&#8221;#FFFFFF&#8221; header_4_text_color=&#8221;gcid-b247d7e9-2bbc-48fc-81a8-3cd1da3da572&#8243; locked=&#8221;off&#8221; global_colors_info=&#8221;{%22gcid-b247d7e9-2bbc-48fc-81a8-3cd1da3da572%22:%91%22header_4_text_color%22%93}&#8221;]<\/p>\n<h4>telefon<\/h4>\n<p>[\/et_pb_text][et_pb_text _builder_version=&#8221;4.23&#8243; _module_preset=&#8221;137322df-4ae1-42c9-bbc5-2f914806ed67&#8243; text_text_color=&#8221;#FFFFFF&#8221; link_text_color=&#8221;#FFFFFF&#8221; custom_margin=&#8221;||21px||false|false&#8221; locked=&#8221;off&#8221; global_colors_info=&#8221;{}&#8221;]<\/p>\n<p>+48781489348<span><\/span><\/p>\n<p>[\/et_pb_text][et_pb_button button_url=&#8221;https:\/\/wa.me\/48781489348&#8243; button_text=&#8221;Whatsapp&#8221; button_alignment=&#8221;left&#8221; _builder_version=&#8221;4.23.1&#8243; _module_preset=&#8221;eeff808f-f5a1-47fe-9bf1-d16059adbef4&#8243; button_text_size=&#8221;19px&#8221; button_bg_use_color_gradient=&#8221;on&#8221; button_bg_color_gradient_direction=&#8221;207deg&#8221; button_bg_color_gradient_stops=&#8221;#7cda24 0%|#29c4a9 100%&#8221; button_border_width=&#8221;0px&#8221; custom_margin=&#8221;6px|||||&#8221; global_colors_info=&#8221;{%22gcid-b247d7e9-2bbc-48fc-81a8-3cd1da3da572%22:%91%22button_border_color%22%93,%22gcid-cda4471f-892e-4743-849d-2cb3737a1499%22:%91%22button_bg_color__hover%22,%22button_border_color__hover%22%93}&#8221;][\/et_pb_button][et_pb_text _builder_version=&#8221;4.21.0&#8243; _module_preset=&#8221;f44e0f32-c7c0-4362-9a88-5f8423ae4c4e&#8221; header_4_text_color=&#8221;gcid-b247d7e9-2bbc-48fc-81a8-3cd1da3da572&#8243; custom_margin=&#8221;22px||0px||false|false&#8221; locked=&#8221;off&#8221; global_colors_info=&#8221;{%22gcid-b247d7e9-2bbc-48fc-81a8-3cd1da3da572%22:%91%22header_4_text_color%22%93}&#8221;]<\/p>\n<h4>Email<\/h4>\n<p>[\/et_pb_text][et_pb_text _builder_version=&#8221;4.21.0&#8243; _module_preset=&#8221;137322df-4ae1-42c9-bbc5-2f914806ed67&#8243; text_text_color=&#8221;#FFFFFF&#8221; link_text_color=&#8221;#FFFFFF&#8221; custom_margin=&#8221;||21px||false|false&#8221; locked=&#8221;off&#8221; global_colors_info=&#8221;{}&#8221;]<\/p>\n<p>heartofpolen@gmail.com<\/p>\n<p>[\/et_pb_text][et_pb_button button_url=&#8221;mailto:heartofpolen@gmail.com&#8221; button_text=&#8221;Mail&#8221; button_alignment=&#8221;left&#8221; _builder_version=&#8221;4.23.1&#8243; _module_preset=&#8221;eeff808f-f5a1-47fe-9bf1-d16059adbef4&#8243; button_text_size=&#8221;19px&#8221; button_bg_use_color_gradient=&#8221;on&#8221; button_bg_color_gradient_direction=&#8221;207deg&#8221; button_bg_color_gradient_stops=&#8221;#7cda24 0%|#29c4a9 100%&#8221; button_border_width=&#8221;0px&#8221; custom_margin=&#8221;5px|||||&#8221; global_colors_info=&#8221;{%22gcid-b247d7e9-2bbc-48fc-81a8-3cd1da3da572%22:%91%22button_border_color%22%93,%22gcid-cda4471f-892e-4743-849d-2cb3737a1499%22:%91%22button_bg_color__hover%22,%22button_border_color__hover%22%93}&#8221;][\/et_pb_button][et_pb_text _builder_version=&#8221;4.21.0&#8243; _module_preset=&#8221;f44e0f32-c7c0-4362-9a88-5f8423ae4c4e&#8221; header_4_text_color=&#8221;gcid-b247d7e9-2bbc-48fc-81a8-3cd1da3da572&#8243; custom_margin=&#8221;18px||0px||false|false&#8221; locked=&#8221;off&#8221; global_colors_info=&#8221;{%22gcid-b247d7e9-2bbc-48fc-81a8-3cd1da3da572%22:%91%22header_4_text_color%22%93}&#8221;]<\/p>\n<h4>Adresse<\/h4>\n<p>[\/et_pb_text][et_pb_text _builder_version=&#8221;4.21.0&#8243; _module_preset=&#8221;137322df-4ae1-42c9-bbc5-2f914806ed67&#8243; text_text_color=&#8221;#FFFFFF&#8221; link_text_color=&#8221;#FFFFFF&#8221; custom_margin=&#8221;||26px||false|false&#8221; locked=&#8221;off&#8221; global_colors_info=&#8221;{}&#8221;]<\/p>\n<p>Sniezna 8a, 58-573. Piechowice<\/p>\n<p>[\/et_pb_text][et_pb_button button_url=&#8221;https:\/\/www.google.com\/maps?q=\u015anie\u017cna+8a,+58-573+Piechowice,+Polen&#8221; button_text=&#8221;Google Maps&#8221; button_alignment=&#8221;left&#8221; _builder_version=&#8221;4.23.1&#8243; _module_preset=&#8221;eeff808f-f5a1-47fe-9bf1-d16059adbef4&#8243; button_text_size=&#8221;19px&#8221; button_bg_use_color_gradient=&#8221;on&#8221; button_bg_color_gradient_direction=&#8221;207deg&#8221; button_bg_color_gradient_stops=&#8221;#7cda24 0%|#29c4a9 100%&#8221; button_border_width=&#8221;0px&#8221; custom_margin=&#8221;5px|||||&#8221; global_colors_info=&#8221;{%22gcid-b247d7e9-2bbc-48fc-81a8-3cd1da3da572%22:%91%22button_border_color%22%93,%22gcid-cda4471f-892e-4743-849d-2cb3737a1499%22:%91%22button_bg_color__hover%22,%22button_border_color__hover%22%93}&#8221;][\/et_pb_button][\/et_pb_column][et_pb_column type=&#8221;1_2&#8243; _builder_version=&#8221;4.23.1&#8243; _module_preset=&#8221;default&#8221; background_color=&#8221;rgba(0,0,0,0.6)&#8221; background_image=&#8221;https:\/\/heartofpolen.com\/wp-content\/uploads\/2024\/01\/IMG_5498.jpg&#8221; background_blend=&#8221;overlay&#8221; custom_padding=&#8221;8%|8%|8%|8%|true|true&#8221; global_colors_info=&#8221;{}&#8221;][et_pb_text _builder_version=&#8221;4.23&#8243; _module_preset=&#8221;4ed78e3f-a697-409e-b138-ec6080aa9d7f&#8221; header_2_text_color=&#8221;#FFFFFF&#8221; custom_margin=&#8221;||30px||false|false&#8221; text_text_shadow_style=&#8221;preset4&#8243; global_colors_info=&#8221;{}&#8221;]<\/p>\n<h2>Sp\u00fcren Sie das Gef\u00fchl der Freiheit<\/h2>\n<p>[\/et_pb_text][et_pb_text _builder_version=&#8221;4.23&#8243; _module_preset=&#8221;f44e0f32-c7c0-4362-9a88-5f8423ae4c4e&#8221; header_4_text_color=&#8221;gcid-b247d7e9-2bbc-48fc-81a8-3cd1da3da572&#8243; global_colors_info=&#8221;{%22gcid-b247d7e9-2bbc-48fc-81a8-3cd1da3da572%22:%91%22header_4_text_color%22%93}&#8221;][\/et_pb_text][et_pb_text _builder_version=&#8221;4.23&#8243; _module_preset=&#8221;137322df-4ae1-42c9-bbc5-2f914806ed67&#8243; text_text_color=&#8221;#FFFFFF&#8221; custom_margin=&#8221;||30px||false|false&#8221; global_colors_info=&#8221;{}&#8221;][\/et_pb_text][et_pb_text _builder_version=&#8221;4.21.0&#8243; _module_preset=&#8221;f44e0f32-c7c0-4362-9a88-5f8423ae4c4e&#8221; header_4_text_color=&#8221;gcid-b247d7e9-2bbc-48fc-81a8-3cd1da3da572&#8243; global_colors_info=&#8221;{%22gcid-b247d7e9-2bbc-48fc-81a8-3cd1da3da572%22:%91%22header_4_text_color%22%93}&#8221;]<\/p>\n<h4><\/h4>\n<p>[\/et_pb_text][et_pb_text _builder_version=&#8221;4.23&#8243; _module_preset=&#8221;137322df-4ae1-42c9-bbc5-2f914806ed67&#8243; text_text_color=&#8221;#FFFFFF&#8221; custom_margin=&#8221;||30px||false|false&#8221; global_colors_info=&#8221;{}&#8221;][\/et_pb_text][\/et_pb_column][\/et_pb_row][\/et_pb_section]<\/p>\n","protected":false},"excerpt":{"rendered":"<p>DatenschutzbestimmungenPrivacy Policy Last updated: 7-11-22 Introduction Heart of Polen respects your privacy and is committed to protecting your personal information. This Privacy Policy explains how we collect, use, disclose, and safeguard your personal data when you visit our website or use our services. Information We Collect We may collect various types of information, including: Personal [&hellip;]<\/p>\n","protected":false},"author":1,"featured_media":0,"parent":0,"menu_order":0,"comment_status":"closed","ping_status":"closed","template":"","meta":{"_et_pb_use_builder":"on","_et_pb_old_content":"","_et_gb_content_width":"","footnotes":""},"class_list":["post-1568","page","type-page","status-publish","hentry"],"jetpack_sharing_enabled":true,"_links":{"self":[{"href":"https:\/\/heartofpolen.com\/index.php\/wp-json\/wp\/v2\/pages\/1568","targetHints":{"allow":["GET"]}}],"collection":[{"href":"https:\/\/heartofpolen.com\/index.php\/wp-json\/wp\/v2\/pages"}],"about":[{"href":"https:\/\/heartofpolen.com\/index.php\/wp-json\/wp\/v2\/types\/page"}],"author":[{"embeddable":true,"href":"https:\/\/heartofpolen.com\/index.php\/wp-json\/wp\/v2\/users\/1"}],"replies":[{"embeddable":true,"href":"https:\/\/heartofpolen.com\/index.php\/wp-json\/wp\/v2\/comments?post=1568"}],"version-history":[{"count":9,"href":"https:\/\/heartofpolen.com\/index.php\/wp-json\/wp\/v2\/pages\/1568\/revisions"}],"predecessor-version":[{"id":2310,"href":"https:\/\/heartofpolen.com\/index.php\/wp-json\/wp\/v2\/pages\/1568\/revisions\/2310"}],"wp:attachment":[{"href":"https:\/\/heartofpolen.com\/index.php\/wp-json\/wp\/v2\/media?parent=1568"}],"curies":[{"name":"wp","href":"https:\/\/api.w.org\/{rel}","templated":true}]}}